{"id":734,"date":"2024-12-16T05:01:39","date_gmt":"2024-12-16T04:01:39","guid":{"rendered":"https:\/\/happytrail.hr\/?page_id=734"},"modified":"2024-12-17T10:35:13","modified_gmt":"2024-12-17T09:35:13","slug":"pravilnik-lige","status":"publish","type":"page","link":"https:\/\/happytrail.hr\/en\/pravilnik-lige\/","title":{"rendered":"league rules"},"content":{"rendered":"<div data-elementor-type=\"wp-page\" data-elementor-id=\"734\" class=\"elementor elementor-734\" data-elementor-post-type=\"page\">\n\t\t\t\t<div data-particle_enable=\"false\" data-particle-mobile-disabled=\"false\" class=\"elementor-element elementor-element-bca384a e-flex e-con-boxed e-con e-parent\" data-id=\"bca384a\" data-element_type=\"container\" data-settings=\"{&quot;background_background&quot;:&quot;classic&quot;}\">\n\t\t\t\t\t<div class=\"e-con-inner\">\n\t\t\t\t<div class=\"elementor-element elementor-element-cc84c27 elementor-widget elementor-widget-text-editor\" data-id=\"cc84c27\" data-element_type=\"widget\" data-widget_type=\"text-editor.default\">\n\t\t\t\t<div class=\"elementor-widget-container\">\n\t\t\t\t\t\t\t\t\t<p>Ovo je pravilnik Happy Trail Lige kojim su regulirani svi aspekti i pravila utrka koje su uklju\u010dene u samu ligu za teku\u0107u natjecateljsku godinu<\/p><p>Organizatori Happy Trail Lige zadr\u017eavaju pravo promjene istih, s prvenstvenim ciljem osiguravanja sigurnosti natjecatelja na utrkama.<\/p><p>U slu\u010daju promjene ili dopune pravilnika, svi natjecatelji bit \u0107e o tome pravovremeno obavije\u0161teni.<\/p><h2><strong>SADR\u017dAJ:<\/strong><\/h2><ul><li>KALENDAR UTRKA<\/li><li>\u010cLANAK 1.: UVJETI SUDJELOVANJA NA UTRCI \/ OP\u0106A PRAVILA<ul><li>Punoljetni i maloljetni natjecatelji<\/li><li>Odgovornost natjecatelja i osiguranje<\/li><li>Tr\u010danje sa psom<\/li><\/ul><\/li><li>\u010cLANAK 2.: KATEGORIJE, BODOVANJE I UKUPNI POREDAK<ul><li>Starosne kategorije<\/li><li>Rekreativna utrka<\/li><\/ul><\/li><li>\u010cLANAK 3.: EKIPNO NATJECANJE<\/li><li>\u010cLANAK 4.: NAGRADE<\/li><li>\u010cLANAK 5.: MJERENJE VREMENA<\/li><li>\u010cLANAK 6.: OPREMA<\/li><li>\u010cLANAK 7.: PRAVILA DISKVALIFIKACIJE<\/li><li>\u010cLANAK 8.: ODUSTAJANJE<\/li><li>\u010cLANAK 9.: EKOLO\u0160KA PRAVILA<\/li><li>\u010cLANAK 10.: SPONZORI<\/li><li>\u010cLANAK 11.: SIGURNOST<\/li><li>\u010cLANAK 12.: PROMJENA STAZE<\/li><li>\u010cLANAK 13.: PROTESTI I \u017dALBE<\/li><li>\u010cLANAK 14.: SUGLASNOST O MEDIJSKOJ SLOBODI<\/li><\/ul><h2><strong>KALENDAR UTRKA:<\/strong><\/h2><ul><li>15.03. Dugi Otok Trail<\/li><li>05.04. Pako\u0161tane Trail<\/li><li>12.04. Kr\u010di\u0107 Trail<\/li><li>26.04. Jelsa Trail<\/li><li>24.05. Masters of Trail \u2013 Trogir Outdoor<\/li><li>20.09. Ultra Trail Dinarides<\/li><li>18.10. \u0160olta Trail<\/li><\/ul><p>Ukupne i ekipne poretke pratite na\u00a0<\/p><h2><strong>\u010cLANAK<\/strong><br \/><strong>1.: UVJETI SUDJELOVANJA NA UTRCI \/ OP\u0106A PRAVILA<\/strong><\/h2><h3><strong>Punoljetni i maloljetni natjecatelji<\/strong><\/h3><ol><li>Svi natjecatelji moraju biti stariji od 18 godina.<\/li><li>Natjecateljima mla\u0111ima od 18 godina dozvoljeno je natjecanje jedino uz pratnju punoljetne osobe koja je odgovorna za maloljetnog natjecatelja.<\/li><li>Pratitelji maloljetnih natjecatelja potpisuju dokument da su odgovorni za maloljetne natjecatelje.<\/li><\/ol><h3><strong>Odgovornost natjecatelja i osiguranje<\/strong><\/h3><ol start=\"4\"><li>Svi natjecatelji svojom prijavom izravno su suglasni da \u0107e se na utrci natjecati na vlastitu odgovornost i da su upoznati sa pravilima utrke kojih \u0107e se pridr\u017eavati radi svoje osobne i sigurnosti ostalih natjecatelja i organizatora te da su upoznati sa mogu\u0107im rizicima koje ovo natjecanje sadr\u017ei.<\/li><li>Svojom prijavom natjecatelji se odri\u010du mogu\u0107nosti preno\u0161enja odgovornosti na organizatora utrke bilo prema natjecateljima ili tre\u0107im osobama.<\/li><li>Organizator nije odgovoran za bilo kakvo o\u0161te\u0107enje opreme ili za izgubljene\/ukradene stvari natjecatelja tijekom natjecanja.<\/li><li>Svi natjecatelji koji se natje\u010du na utrci moraju biti zdravstveno osigurani.<\/li><\/ol><h3><strong>Tr\u010danje sa psom<\/strong><\/h3><ol start=\"8\"><li>Tr\u010danje zajedno sa psom je dozvoljeno, ali pas mora biti na povodcu i ne smije ometati kretanje drugih trka\u010da.<\/li><\/ol><h2><strong>\u010cLANAK<\/strong><br \/><strong>2.: KATEGORIJE, BODOVANJE I UKUPNI POREDAK<\/strong><\/h2><ol><li>Sva kola Happy Trail Lige \u010dinit \u0107e po dvije utrke, odnosno natjecatelji \u0107e se mo\u0107i natjecati u dvije du\u017einske kategorije: duga i kratka.<br \/>Obje du\u017einske kategorije imat \u0107e svoje ukupne pobjednike i pobjednike po kategorijama, te \u0107e se voditi zaseban poredak za \u017eene i zaseban za mu\u0161karce.<br \/>Za utrke Dugi Otok Trail i Ultra Trail Dinarides koje imaju ve\u0107i broj du\u017einskih kategorije, boduju se slijede\u0107e kategorije.<\/li><\/ol><p>Dugi Otok Trail: \u00a0za kratku se boduje Bay Green (11km), a za dugu Cliff Blue (25km) i Island Red (38 km).<\/p><p>Ultra Trail Dinarides: za kratku se boduje UTD 10K (10 km), a za dugu Challenger (25 km) i UTD Marathon (42 km).<\/p><ol start=\"2\"><li>Svaka utrka nosi slijede\u0107i broj bodova po\u010dev\u0161i od prvog mjesta: 100, 88, 78, 72, 68, 66 i dalje svako mjesto po dva boda manje sve do tridesetog mjesta, gdje svako dalje mjesto nosi po 1 bod manje.<\/li><li>Za ukupni poredak u ligi boduje se 4 najboljih rezultata iz ukupno 7 pojedinih utrka prema formuli navedenoj u stavku 2. ovog \u010dlanka.<\/li><li>Natjecatelji koji ostvare vi\u0161e od 4 nastupa ostvaruju bonus bodove i to po principu: 5 bodova za svaki dodatni nastup.<\/li><li>Osim ukupnog poretka vodit \u0107e se i poredak po starosnim kategorijama.<\/li><\/ol><h3><strong>Starosne kategorije<\/strong><\/h3><ol start=\"6\"><li>Starosne kategorije su sljede\u0107e:<\/li><\/ol><ul><li>do 32 godina (ro\u0111eni 1994 i mla\u0111i) \u2013 mladi<\/li><li>od 32 do 37 godina (ro\u0111eni 1993-1988) \u2013 seniori\/seniorke 1<\/li><li>od 38 do 43 godina (ro\u0111eni 1987-1982) \u2013 seniori\/seniorke 2<\/li><li>od 44 do 49 godina (ro\u0111eni 1981-1976) \u2013 veterani\/veteranke 1<\/li><li>preko 50 godina (ro\u0111eni 1975 i stariji) \u2013 veterani\/veteranke 2<\/li><\/ul><h2><strong>\u010cLANAK<\/strong><br \/><strong>3.: EKIPNO NATJECANJE<\/strong><\/h2><ol><li>Svaka ekipa mo\u017ee imati neograni\u010den broj \u010dlanova, a minimalan broj je 4.<\/li><li>Ekipa se prijavljuje putem slu\u017ebenog e-maila lige preko za to posebno dizajniranog obrasca.<\/li><li>Kako bi ekipa bila evidentirana i uvr\u0161tena u slu\u017ebeno bodovanje potrebno je prije prvog kola prijaviti odre\u0111eni broj \u010dlanova.<\/li><li>Prije svakog kola mogu\u0107e je nadopunjavati broj \u010dlanova ekipe.<\/li><li>Jednom prijavljeni \u010dlan nema pravo prelaziti u druge ekipe.<\/li><li>Mogu\u0107e je zamijeniti bilo kojeg \u010dlana ekipe sve dok isti nije zabilje\u017eio start na bilo kojoj od utrka.<\/li><li><strong>Da bi se nastup odre\u0111enog \u010dlana ekipe bodovao za odre\u0111eno kolo, potrebno je biti prijavljen dva dana prije utrke (npr. ako je utrka u subotu, onda do \u010detvrtka u 23:59)!<\/strong><br \/>Svi natjecatelji prijavljeni nakon roka, ne ulaze u ekipno bodovanje za to kolo.<br \/>Ovo se odnosi na prijavu u ekipu i na prijavu za odre\u0111enu utrku.<\/li><li><strong>Svi natjecatelji koji su dio neke ekipe smiju promijeniti du\u017einsku kategoriju u kojoj nastupaju na pojedinom kolo najkasnije 24 sata prije starta utrke.<\/strong><br \/>U suprotnom njihov nastup se ne\u0107e bodovati za ekipno natjecanje u tom kolu.<\/li><li>Za plasman ekipe boduju se maksimalno \u010detiri natjecatelja, s tim da najmanje jedan mora biti suprotnog spola (npr. 3\u017d<br \/>+1M ili 2\u017d+2M ili 1\u017d + 3M) i to na na\u010din da se zbrajaju njihovi ostvareni pojedina\u010dni bodovi, bez obzira da li su ostvareni na kratkoj ili dugoj distanci.<br \/>SVI OSTALI \u010cLANOVI EKIPE KOJI ZAVR\u0160E UTRKU OSTVARUJU PO 5 BONUS BODOVA.<\/li><li>Za ukupni plasman ekipa na kraju lige boduju se rezultati ostvareni na svim pojedina\u010dnim utrkama.<\/li><\/ol><h2><strong>\u010cLANAK<\/strong><br \/><strong>4.: NAGRADE<\/strong><\/h2><ol><li>Happy Trail Liga \u0107e nakon posljednjeg kola lige dodijeliti prigodne nagrade za troje prvoplasiranih u ukupnom poretku u kratkoj i dugoj kategoriji, odvojeno za \u017eene i mu\u0161karce.<\/li><li>Nagradni fond bit \u0107e odre\u0111en naknadno, a svakako prije posljednjeg kola lige. Tri prvoplasirana po kategorijama u obje du\u017einske kategorije bit \u0107e nagra\u0111eni prigodnim medaljama kako u \u017eenskoj, tako i u mu\u0161koj kategoriji.<\/li><li>Tako\u0111er tri prvoplasirane ekipe bit \u0107e nagra\u0111ene medaljama.<\/li><li>Prvoplasirana ekipa dobija prijelazni trofej u privremeno vlasni\u0161tvo na godinu dana.<\/li><li>Za osvajanje bilo kakve nagrade ili medalje u ukupnom\/godi\u0161njem poretku potrebno je imati minimalno 4 nastupa.<\/li><li>Svaki organizator pojedinog kola posebno i neovisno o Happy Trail Ligi ima za pravo odrediti nagradni fond za svoje kolo.<\/li><\/ol><h2><strong>\u010cLANAK<\/strong><br \/><strong>5.: MJERENJE VREMENA<\/strong><\/h2><ol><li>Svaki organizator sam odre\u0111uje svog mjeritelja vremena.<\/li><li>Vrijeme se po\u010dinje mjeriti sa znakom starta, te se zaustavlja prolaskom kroz ciljnu liniju.<\/li><li>Svaki organizator uzima za pravo eventualno postavljanje vremenskih limita kako na pojedinim kontrolnim to\u010dkama, tako i u cilju. U takvim slu\u010dajevima organizator \u0107e sve to precizno navesti u raspisu pojedine trke.<\/li><li>Izlazak s kontrolne to\u010dke ili dolazak na cilj poslije limitiranog vremena vodi se kao vremenska diskvalifikacija.<\/li><\/ol><h2><strong>\u010cLANAK<\/strong><br \/><strong>6.: OPREMA<\/strong><\/h2><ol><li>Natjecatelji moraju imati propisanu obaveznu osobnu opremu.<br \/>Obavezna oprema se propisuje zbog sigurnosti samih natjecatelja.<\/li><li>Obavezna oprema za sva kola Happy Trail lige sastoji se od:<ol><li>Natjecateljskog broja kojeg osigurava organizator.<br \/>Broj mora biti vidljivo istaknut na prednjoj strani trka\u010da.<br \/>Nepridr\u017eavanje ovog pravila ka\u017enjavat \u0107e se sa dodavanjem 5 kaznenih minuta na ciljno vrijeme natjecatelja.<\/li><li>Prikladna obu\u0107a i odje\u0107a (ovisno o vremenskim prilikama)<\/li><\/ol><\/li><li>Budu\u0107i da su pojedine utrke u ligi poprili\u010dno razli\u010dite konfiguracijom terena, du\u017einom, te na kraju krajeva odr\u017eavaju se u periodu od o\u017eujka do listopada, odnosno u razli\u010ditim vremenskim uvjetima, svaki pojedini organizator posebno ure\u0111uje pitanje dodatnih dijelova obavezne opreme za svoje pojedino kolo.<\/li><li>Organizator \u0107e natjecatelje obavijestiti o dodatnoj obaveznoj opremi (mailom ili na web i \/ili na dru\u0161tvenim mre\u017eama).<\/li><li>Organizator je du\u017ean organizirati pregled obavezne opreme za odre\u0111eni broj natjecatelja, a sam pregled mo\u017ee se obaviti prije starta, tijekom utrke ili neposredno nakon ulaska u cilj.<\/li><li>Natjecatelj za kojeg se ustanovi da ne posjeduje dio ili kompletnu obaveznu opremu bit \u0107e ka\u017enjen sa 5 kaznenih minuta na svoj rezultat za svaki komad obavezne opreme koji ne posjeduje.<br \/>U slu\u010daju da natjecatelj odbije pokazati opremu, smatrat \u0107e se da istu ni nema.<\/li><li>Natjecatelji koji ponavljaju prekr\u0161aj neno\u0161enja obavezne opreme bit \u0107e prilikom svakog dodatnog uo\u010denog prekr\u0161aja sankcionirani ve\u0107om kaznom.<br \/>Vi\u0161ekratno neno\u0161enje obavezne opreme ka\u017enjava se:<br \/>\u2013 po drugi put uhva\u0107eni dobija 10 minuta kazne po komadu opreme koju ne nosi,<br \/>\u2013 tre\u0107i put kaznu zabrane nastupanja u ligi do kraja sezone,<br \/>\u2013 \u010detvrti put zabranu nastupanja na ligi do\u017eivotno.<\/li><\/ol><h2><strong>\u010cLANAK<\/strong><br \/><strong>7.: PRAVILA DISKVALIFIKACIJE<\/strong><\/h2><ol><li>Nepridr\u017eavanje Pravilnika Happy Trail lige kao i pravila pojedine utrke.<\/li><li>Nepo\u0161tivanje pisanih uputa i instrukcija utrke.<\/li><li>Bilo kakvo nesportsko pona\u0161anje koje ugro\u017eava ili dovodi u pitanje reputaciju utrke i\/ili uni\u0161tava privatnu imovinu ili imovinu organizatora.<\/li><li>Kori\u0161tenje zabranjenih puteva, zabranjene opreme te primanje pomo\u0107i sa strane.<\/li><li>Kori\u0161tenje bilo kakvih prijevoznih sredstava rezultirat \u0107e diskvalifikacijom natjecatelja te zabranom nastupanja na slijede\u0107im utrkama.<\/li><li>Izlazak s kontrolne to\u010dke ili dolazak u cilj poslije limitiranog vremena.<\/li><\/ol><h2><strong>\u010cLANAK<\/strong><br \/><strong>8.: ODUSTAJANJE<\/strong><\/h2><ol><li>Natjecatelj mo\u017ee odustati tijekom cijele utrke.<\/li><li>Natjecatelj je OBAVEZAN o tome obavijestiti organizatora.<\/li><li>Organizator utrke osigurat \u0107e zbrinjavanje odustalih natjecatelja i eventualnu potrebnu medicinsku pomo\u0107.<\/li><\/ol><h2><strong>\u010cLANAK<\/strong><br \/><strong>9.: EKOLO\u0160KA PRAVILA<\/strong><\/h2><ol><li>Natjecatelji tijekom utrke ne smiju paliti vatru, zaga\u0111ivati okoli\u0161 te uni\u0161tavati floru i faunu.<\/li><li>Natjecatelji ne smiju bacati otpad ve\u0107 su obavezni otpad nositi sa sobom. Sve \u0161to pakiraju na po\u010detku utrke natjecatelji moraju imati i na cilju utrke.<\/li><li>Zabranjeno je odlaganje sme\u0107a u planinarskim domovima i na bilo kojoj destinaciji izme\u0111u starta i cilja utrke.<\/li><li>Za svako naru\u0161avanje navedenih propozicija, natjecatelj \u0107e biti diskvalificiran te mu se ne\u0107e dozvoliti natjecanje na slijede\u0107im utrkama Happy Trail Lige .<\/li><\/ol><h2><strong>\u010cLANAK<\/strong><br \/><strong>10.: SPONZORI<\/strong><\/h2><ol><li>Sponzori se mogu ogla\u0161avati na cjelokupnoj osobnoj opremi natjecatelja koja nije rezervirana za ogla\u0161avanje sponzora pojedine utrke i Happy Trail Lige.<\/li><\/ol><h2><strong>\u010cLANAK<\/strong><br \/><strong>11.: SIGURNOST<\/strong><\/h2><ol><li>Natjecatelji moraju imati svu obaveznu osobnu opremu propisanu od strane organizatora.<\/li><li>Natjecatelji moraju imati sve potrebne dokumente koje organizator zahtjeva.<\/li><li>Natjecatelji su du\u017eni pridr\u017eavati se svih pisanih i usmenih uputa od strane organizatora.<\/li><li>Natjecatelji se moraju dr\u017eati svih pravila navedenim u pravilima utrke.<\/li><li>U slu\u010daju nezgode, natjecatelji koji se na\u0111u u blizini unesre\u0107enih du\u017eni su pomo\u0107i natjecateljima u nevolji.<\/li><li>Organizator ne garantira spa\u0161avanje ozlije\u0111enog u brzom vremenskom roku zbog nepristupa\u010dnosti terena ili mogu\u0107ih nepovoljnih vremenskih uvjeta.<\/li><li>Organizator utrke ima pravo ne dopustiti daljnje napredovanje i natjecanje ukoliko smatraju da bi to ugro\u017eavalo sigurnost natjecatelja ili same utrke.<\/li><li>Na\u010dini dozivanja u pomo\u0107: bljeskanjem, zvi\u017edanjem, vikanjem (6 x u minuti \/ svakih 10 sec.). Slijedi stanka od 1 minute, nakon toga se ponove znakovi 6 x u minuti. Odgovor daju oni koji su vidjeli ili \u010duli znakove. Daju znakove 3 x u minuti (svakih 20 sec.). Nakon stanke od 1 minute odgovor se ponavlja sve dok onaj koji zove u pomo\u0107 ne prestane davati znakove.<\/li><\/ol><h2><strong>\u010cLANAK<\/strong><br \/><strong>12.: PROMJENA STAZE<\/strong><\/h2><ol><li>Organizator utrke pridr\u017eava sva prava promjene redoslijeda kontrolnih to\u010daka te mo\u017ee skratiti vrijeme i du\u017einu trajanja utrke ukoliko to nala\u017eu vremenske prilike i ukoliko je ugro\u017eena sigurnost natjecatelja.<\/li><\/ol><h2><strong>\u010cLANAK<\/strong><br \/><strong>13.: PROTESTI I \u017dALBE<\/strong><\/h2><ol><li>Svi protesti i \u017ealbe moraju se proslijediti organizatoru utrke u pisanom obliku po zavr\u0161etku natjecanja. Najkasnije 60 minuta nakon ulaska u cilj.<\/li><li>Organizator je du\u017ean odgovoriti na \u017ealbu u roku od 24 sata nakon primljene \u017ealbe.<\/li><li>\u017dalbena komisija sastoji se od tri predstavnika: predstavnika lige, predstavnika utrke, te predstavnika trka\u010da.<\/li><li>\u017dalba se \u0161alje u pisanom obliku na email:<\/li><\/ol><h2><strong>\u010cLANAK<\/strong><br \/><strong>14.: SUGLASNOST O MEDIJSKOJ SLOBODI<\/strong><\/h2><ol><li>Prijavom za utrku natjecatelji su suglasni da cjelokupni snimljeni filmski i fotografski materijal mo\u017ee biti javno prikazivan i kori\u0161ten u promotivne svrhe utrke.<\/li><li>Organizator utrke pridr\u017eava sva prava za kori\u0161tenje, kopiranje i distribuiranje svih snimljenih video i foto materijala.<\/li><\/ol>\t\t\t\t\t\t\t\t<\/div>\n\t\t\t\t<\/div>\n\t\t\t\t\t<\/div>\n\t\t\t\t<\/div>\n\t\t\t\t<\/div>","protected":false},"excerpt":{"rendered":"<p>Ovo je pravilnik Happy Trail Lige kojim su regulirani svi aspekti i pravila utrka koje su uklju\u010dene u samu ligu za teku\u0107u natjecateljsku godinu Organizatori Happy Trail Lige zadr\u017eavaju pravo promjene istih, s prvenstvenim ciljem osiguravanja sigurnosti natjecatelja na utrkama. U slu\u010daju promjene ili dopune pravilnika, svi natjecatelji bit \u0107e o tome pravovremeno obavije\u0161teni. SADR\u017dAJ: [&hellip;]<\/p>","protected":false},"author":1,"featured_media":0,"parent":0,"menu_order":0,"comment_status":"closed","ping_status":"closed","template":"elementor_header_footer","meta":{"footnotes":""},"class_list":["post-734","page","type-page","status-publish","hentry"],"yoast_head":"<!-- This site is optimized with the Yoast SEO plugin v25.4 - https:\/\/yoast.com\/wordpress\/plugins\/seo\/ -->\n<title>Pravilnik lige - Happy Trail Liga<\/title>\n<meta name=\"robots\" content=\"index, follow, max-snippet:-1, max-image-preview:large, max-video-preview:-1\" \/>\n<link rel=\"canonical\" href=\"https:\/\/happytrail.hr\/en\/pravilnik-lige\/\" \/>\n<meta property=\"og:locale\" content=\"en_US\" \/>\n<meta property=\"og:type\" content=\"article\" \/>\n<meta property=\"og:title\" content=\"Pravilnik lige - Happy Trail Liga\" \/>\n<meta property=\"og:description\" content=\"Ovo je pravilnik Happy Trail Lige kojim su regulirani svi aspekti i pravila utrka koje su uklju\u010dene u samu ligu za teku\u0107u natjecateljsku godinu Organizatori Happy Trail Lige zadr\u017eavaju pravo promjene istih, s prvenstvenim ciljem osiguravanja sigurnosti natjecatelja na utrkama. U slu\u010daju promjene ili dopune pravilnika, svi natjecatelji bit \u0107e o tome pravovremeno obavije\u0161teni. SADR\u017dAJ: [&hellip;]\" \/>\n<meta property=\"og:url\" content=\"https:\/\/happytrail.hr\/en\/pravilnik-lige\/\" \/>\n<meta property=\"og:site_name\" content=\"Happy Trail Liga\" \/>\n<meta property=\"article:publisher\" content=\"https:\/\/web.facebook.com\/profile.php?id=61569310734845\" \/>\n<meta property=\"article:modified_time\" content=\"2024-12-17T09:35:13+00:00\" \/>\n<meta name=\"twitter:card\" content=\"summary_large_image\" \/>\n<meta name=\"twitter:label1\" content=\"Est. reading time\" \/>\n\t<meta name=\"twitter:data1\" content=\"9 minutes\" \/>\n<script type=\"application\/ld+json\" class=\"yoast-schema-graph\">{\"@context\":\"https:\/\/schema.org\",\"@graph\":[{\"@type\":\"WebPage\",\"@id\":\"https:\/\/happytrail.hr\/pravilnik-lige\/\",\"url\":\"https:\/\/happytrail.hr\/pravilnik-lige\/\",\"name\":\"Pravilnik lige - Happy Trail Liga\",\"isPartOf\":{\"@id\":\"https:\/\/happytrail.hr\/#website\"},\"datePublished\":\"2024-12-16T04:01:39+00:00\",\"dateModified\":\"2024-12-17T09:35:13+00:00\",\"breadcrumb\":{\"@id\":\"https:\/\/happytrail.hr\/pravilnik-lige\/#breadcrumb\"},\"inLanguage\":\"en-US\",\"potentialAction\":[{\"@type\":\"ReadAction\",\"target\":[\"https:\/\/happytrail.hr\/pravilnik-lige\/\"]}]},{\"@type\":\"BreadcrumbList\",\"@id\":\"https:\/\/happytrail.hr\/pravilnik-lige\/#breadcrumb\",\"itemListElement\":[{\"@type\":\"ListItem\",\"position\":1,\"name\":\"Home\",\"item\":\"https:\/\/happytrail.hr\/\"},{\"@type\":\"ListItem\",\"position\":2,\"name\":\"Pravilnik lige\"}]},{\"@type\":\"WebSite\",\"@id\":\"https:\/\/happytrail.hr\/#website\",\"url\":\"https:\/\/happytrail.hr\/\",\"name\":\"Happy Trail Liga\",\"description\":\"Run trails, be happy\",\"publisher\":{\"@id\":\"https:\/\/happytrail.hr\/#organization\"},\"potentialAction\":[{\"@type\":\"SearchAction\",\"target\":{\"@type\":\"EntryPoint\",\"urlTemplate\":\"https:\/\/happytrail.hr\/?s={search_term_string}\"},\"query-input\":{\"@type\":\"PropertyValueSpecification\",\"valueRequired\":true,\"valueName\":\"search_term_string\"}}],\"inLanguage\":\"en-US\"},{\"@type\":\"Organization\",\"@id\":\"https:\/\/happytrail.hr\/#organization\",\"name\":\"Happy Trail Liga\",\"url\":\"https:\/\/happytrail.hr\/\",\"logo\":{\"@type\":\"ImageObject\",\"inLanguage\":\"en-US\",\"@id\":\"https:\/\/happytrail.hr\/#\/schema\/logo\/image\/\",\"url\":\"https:\/\/happytrail.hr\/wp-content\/uploads\/2024\/11\/logo-1.png\",\"contentUrl\":\"https:\/\/happytrail.hr\/wp-content\/uploads\/2024\/11\/logo-1.png\",\"width\":1000,\"height\":500,\"caption\":\"Happy Trail Liga\"},\"image\":{\"@id\":\"https:\/\/happytrail.hr\/#\/schema\/logo\/image\/\"},\"sameAs\":[\"https:\/\/web.facebook.com\/profile.php?id=61569310734845\",\"https:\/\/www.instagram.com\/happy_trail_liga\/\"]}]}<\/script>\n<!-- \/ Yoast SEO plugin. -->","yoast_head_json":{"title":"Pravilnik lige - Happy Trail Liga","robots":{"index":"index","follow":"follow","max-snippet":"max-snippet:-1","max-image-preview":"max-image-preview:large","max-video-preview":"max-video-preview:-1"},"canonical":"https:\/\/happytrail.hr\/en\/pravilnik-lige\/","og_locale":"en_US","og_type":"article","og_title":"Pravilnik lige - Happy Trail Liga","og_description":"Ovo je pravilnik Happy Trail Lige kojim su regulirani svi aspekti i pravila utrka koje su uklju\u010dene u samu ligu za teku\u0107u natjecateljsku godinu Organizatori Happy Trail Lige zadr\u017eavaju pravo promjene istih, s prvenstvenim ciljem osiguravanja sigurnosti natjecatelja na utrkama. U slu\u010daju promjene ili dopune pravilnika, svi natjecatelji bit \u0107e o tome pravovremeno obavije\u0161teni. SADR\u017dAJ: [&hellip;]","og_url":"https:\/\/happytrail.hr\/en\/pravilnik-lige\/","og_site_name":"Happy Trail Liga","article_publisher":"https:\/\/web.facebook.com\/profile.php?id=61569310734845","article_modified_time":"2024-12-17T09:35:13+00:00","twitter_card":"summary_large_image","twitter_misc":{"Est. reading time":"9 minutes"},"schema":{"@context":"https:\/\/schema.org","@graph":[{"@type":"WebPage","@id":"https:\/\/happytrail.hr\/pravilnik-lige\/","url":"https:\/\/happytrail.hr\/pravilnik-lige\/","name":"Pravilnik lige - Happy Trail Liga","isPartOf":{"@id":"https:\/\/happytrail.hr\/#website"},"datePublished":"2024-12-16T04:01:39+00:00","dateModified":"2024-12-17T09:35:13+00:00","breadcrumb":{"@id":"https:\/\/happytrail.hr\/pravilnik-lige\/#breadcrumb"},"inLanguage":"en-US","potentialAction":[{"@type":"ReadAction","target":["https:\/\/happytrail.hr\/pravilnik-lige\/"]}]},{"@type":"BreadcrumbList","@id":"https:\/\/happytrail.hr\/pravilnik-lige\/#breadcrumb","itemListElement":[{"@type":"ListItem","position":1,"name":"Home","item":"https:\/\/happytrail.hr\/"},{"@type":"ListItem","position":2,"name":"Pravilnik lige"}]},{"@type":"WebSite","@id":"https:\/\/happytrail.hr\/#website","url":"https:\/\/happytrail.hr\/","name":"Happy Trail Liga","description":"Run trails, be happy","publisher":{"@id":"https:\/\/happytrail.hr\/#organization"},"potentialAction":[{"@type":"SearchAction","target":{"@type":"EntryPoint","urlTemplate":"https:\/\/happytrail.hr\/?s={search_term_string}"},"query-input":{"@type":"PropertyValueSpecification","valueRequired":true,"valueName":"search_term_string"}}],"inLanguage":"en-US"},{"@type":"Organization","@id":"https:\/\/happytrail.hr\/#organization","name":"Happy Trail Liga","url":"https:\/\/happytrail.hr\/","logo":{"@type":"ImageObject","inLanguage":"en-US","@id":"https:\/\/happytrail.hr\/#\/schema\/logo\/image\/","url":"https:\/\/happytrail.hr\/wp-content\/uploads\/2024\/11\/logo-1.png","contentUrl":"https:\/\/happytrail.hr\/wp-content\/uploads\/2024\/11\/logo-1.png","width":1000,"height":500,"caption":"Happy Trail Liga"},"image":{"@id":"https:\/\/happytrail.hr\/#\/schema\/logo\/image\/"},"sameAs":["https:\/\/web.facebook.com\/profile.php?id=61569310734845","https:\/\/www.instagram.com\/happy_trail_liga\/"]}]}},"_links":{"self":[{"href":"https:\/\/happytrail.hr\/en\/wp-json\/wp\/v2\/pages\/734","targetHints":{"allow":["GET"]}}],"collection":[{"href":"https:\/\/happytrail.hr\/en\/wp-json\/wp\/v2\/pages"}],"about":[{"href":"https:\/\/happytrail.hr\/en\/wp-json\/wp\/v2\/types\/page"}],"author":[{"embeddable":true,"href":"https:\/\/happytrail.hr\/en\/wp-json\/wp\/v2\/users\/1"}],"replies":[{"embeddable":true,"href":"https:\/\/happytrail.hr\/en\/wp-json\/wp\/v2\/comments?post=734"}],"version-history":[{"count":10,"href":"https:\/\/happytrail.hr\/en\/wp-json\/wp\/v2\/pages\/734\/revisions"}],"predecessor-version":[{"id":1122,"href":"https:\/\/happytrail.hr\/en\/wp-json\/wp\/v2\/pages\/734\/revisions\/1122"}],"wp:attachment":[{"href":"https:\/\/happytrail.hr\/en\/wp-json\/wp\/v2\/media?parent=734"}],"curies":[{"name":"wp","href":"https:\/\/api.w.org\/{rel}","templated":true}]}}